{"id":2,"date":"2022-06-09T11:28:28","date_gmt":"2022-06-09T11:28:28","guid":{"rendered":"http:\/\/www.fundacionigareda.com\/?page_id=2"},"modified":"2024-07-05T08:38:07","modified_gmt":"2024-07-05T08:38:07","slug":"pagina-ejemplo","status":"publish","type":"page","link":"http:\/\/www.fundacionigareda.com\/?page_id=2","title":{"rendered":"Pol\u00edtica de Privacidad y Protecci\u00f3n de Datos."},"content":{"rendered":"\n<p class=\"has-white-background-color has-background\"><\/p>\n\n\n\n<pre class=\"wp-block-preformatted has-black-color has-pale-cyan-blue-background-color has-text-color has-background has-link-color wp-elements-b5261934417a6949354e6e372dd4f644\">La presente Pol\u00edtica (en adelante, la \"Pol\u00edtica de Privacidad\") aplica a todos los datos de car\u00e1cter personal que el Usuario o \u201cTercero\u201d facilite a la FUNDACI\u00d3N PEDRO DE ALC\u00c1NTARA IGAREDA Y BALB\u00c1S:<br><br>\u2022 A trav\u00e9s de formularios online en su p\u00e1gina web.<br>\u2022 A trav\u00e9s de nuestra direcci\u00f3n de correo electr\u00f3nico o postal.<br>\u2022 A trav\u00e9s de sus redes sociales.<br>\u2022 Por contacto directo telef\u00f3nico con nuestro personal.<br>\u2022 A cualesquiera otros que, directa o indirectamente, hayan dado su consentimiento expreso para que sus datos sean tratados por parte de FUNDACI\u00d3N PEDRO DE ALC\u00c1NTARA IGAREDA Y BALB\u00c1S para cualquiera de las finalidades recogidas en la presente Pol\u00edtica.<br><br>A los efectos de la presente Pol\u00edtica de Privacidad, debe entenderse como \u201cTercero\u201d a toda persona f\u00edsica interesada en los servicios la FUNDACI\u00d3N PEDRO DE ALC\u00c1NTARA IGAREDA Y BALB\u00c1S ofrece a trav\u00e9s de todos sus canales de comercializaci\u00f3n, incluidas sus p\u00e1ginas web.<br><br>El acceso y uso por el Tercero a la p\u00e1gina oficial FUNDACI\u00d3N PEDRO DE ALC\u00c1NTARA IGAREDA Y BALB\u00c1S supone que acepta expresamente esta pol\u00edtica de privacidad y que presta su consentimiento para el tratamiento de sus datos personales seg\u00fan lo previsto en la misma.<br><br>Esta Pol\u00edtica ser\u00e1 de aplicaci\u00f3n subsidiaria respecto de aquellas otras condiciones que sobre protecci\u00f3n de datos personales se establezcan con car\u00e1cter especial y sean comunicadas, sin car\u00e1cter limitativo, a trav\u00e9s de los formularios de registro, contratos y\/o condiciones de los servicios particulares, siendo por tanto esta Pol\u00edtica complementaria de las mencionadas en aquello no previsto expresamente en las mismas.<br><br>El objetivo de la Pol\u00edtica de Privacidad de la FUNDACI\u00d3N PEDRO DE ALC\u00c1NTARA IGAREDA Y BALB\u00c1S es dar transparencia a la informaci\u00f3n de c\u00f3mo tratamos sus datos, los derechos que le asisten en virtud de la normativa en vigor y proteger su informaci\u00f3n.<br><br>Identificaci\u00f3n y datos de contacto del Responsable del Tratamiento<br><br>\u2022 Entidad: FUNDACI\u00d3N PEDRO DE ALC\u00c1NTARA IGAREDA Y BALB\u00c1S<br>\u2022 CIF: G39029509<br>\u2022 Direcci\u00f3n: Direcci\u00f3n postal: Avda. de la Constituci\u00f3n, 83, 39592 \u2013 Carrejo (Cantabria).<br>\u2022 Tel\u00e9fono: 942700135 \u2022 Correo electr\u00f3nico: info@fundacionigareda.com<br><br>Finalidades de la recogida y tratamiento de datos personales<br>Los datos personales que haya proporcionado a la FUNDACI\u00d3N PEDRO DE ALC\u00c1NTARA IGAREDA Y BALB\u00c1S, y que pueda proporcionar en el futuro, resultan necesarios para la correcta prestaci\u00f3n de los servicios desarrollados.<br><br>Para que la informaci\u00f3n facilitada est\u00e9 siempre actualizada, rogamos nos comunique, a la mayor brevedad posible, las modificaciones y rectificaciones de sus datos de car\u00e1cter personal que se puedan producir a trav\u00e9s del siguiente correo electr\u00f3nico: info@fundacionigareda.com <br><br>Asimismo, al proporcionar sus datos personales declara que los mismos son exactos y veraces.<br><br>La FUNDACI\u00d3N PEDRO DE ALC\u00c1NTARA IGAREDA Y BALB\u00c1S podr\u00e1 tratar los datos de car\u00e1cter personal para las finalidades que se indican a continuaci\u00f3n, en la medida en que exista una base legal para cada tratamiento seg\u00fan se explica m\u00e1s adelante:<br><br>\u2022 Gestionar las peticiones que el Tercero realice a la FUNDACI\u00d3N PEDRO DE ALC\u00c1NTARA IGAREDA Y BALB\u00c1S.<br>\u2022 Informar al Tercero por cualquier medio, incluyendo el env\u00edo de comunicaciones comerciales a la direcci\u00f3n de correo electr\u00f3nico que el Tercero en su caso facilite, de servicios de la FUNDACI\u00d3N PEDRO DE ALC\u00c1NTARA IGAREDA Y BALB\u00c1S similares a los adquiridos por el Tercero.<br>\u2022 Realizar actividades promocionales acerca de otros servicios de la FUNDACI\u00d3N PEDRO DE ALC\u00c1NTARA IGAREDA Y BALB\u00c1S, incluyendo el env\u00edo de comunicaciones comerciales a la direcci\u00f3n de correo electr\u00f3nico que el Tercero en su caso facilite.<br>\u2022 Gestionar y mantener la relaci\u00f3n contractual existente entre la FUNDACI\u00d3N PEDRO DE ALC\u00c1NTARA IGAREDA Y BALB\u00c1S y el Tercero, as\u00ed como prestar debidamente nuestros servicios, as\u00ed como para el mantenimiento de registros hist\u00f3ricos de las relaciones comerciales durante los plazos legalmente establecidos.<br>\u2022 Ceder los datos personales a colaboradores necesarios de la FUNDACI\u00d3N PEDRO DE ALC\u00c1NTARA IGAREDA Y BALB\u00c1S que se determinan en los contratos formalizados con los Terceros.<br>\u2022 Cualquier otra actividad expresamente consentida por los Terceros.<br>Le informamos de que la FUNDACI\u00d3N PEDRO DE ALC\u00c1NTARA IGAREDA Y BALB\u00c1S no utilizar\u00e1 datos personales para la elaboraci\u00f3n de perfiles, ni para la adopci\u00f3n de decisiones automatizadas.<br><br>Datos personales proporcionados a trav\u00e9s de p\u00e1ginas oficiales de redes sociales:<br><br>Los datos personales proporcionados voluntariamente por el Tercero a trav\u00e9s de sus p\u00e1ginas oficiales formar\u00e1n parte de un tratamiento de datos responsabilidad de FUNDACI\u00d3N PEDRO DE ALC\u00c1NTARA IGAREDA Y BALB\u00c1S con la finalidad de ofrecerle informaci\u00f3n a trav\u00e9s de cualesquier otro medio electr\u00f3nico o f\u00edsico, presente o futuro, que posibilite realizar comunicaci\u00f3n comercial, intercambiar informaci\u00f3n con FUNDACI\u00d3N PEDRO DE ALC\u00c1NTARA IGAREDA Y BALB\u00c1S y otros usuarios y establecer comunicaci\u00f3n con terceros.<br><br>\u2022 El usuario es libre de utilizar las p\u00e1ginas oficiales de FUNDACI\u00d3N PEDRO DE ALC\u00c1NTARA IGAREDA Y BALB\u00c1S en las redes sociales, por lo que en caso en que el usuario no est\u00e9 de acuerdo con el tratamiento de sus datos con dichos fines, no deber\u00e1 utilizarla ni proporcionar sus datos personales.<br><br>\u2022 A trav\u00e9s de las p\u00e1ginas oficiales de FUNDACI\u00d3N PEDRO DE ALC\u00c1NTARA IGAREDA Y BALB\u00c1S el usuario puede compartir textos, fotos, v\u00eddeos y otro tipo de informaci\u00f3n y\/o contenidos que estar\u00e1n sujetos tanto a la presente pol\u00edtica como a las Normas y Condiciones de las Plataformas correspondientes. El usuario ser\u00e1 responsable de que todos los contenidos que publique respeten la legislaci\u00f3n vigente, la presente pol\u00edtica y las normas de las Plataformas.<br><br>\u2022 El usuario \u00fanicamente podr\u00e1 publicar en las p\u00e1ginas oficiales de FUNDACI\u00d3N PEDRO DE ALC\u00c1NTARA IGAREDA Y BALB\u00c1S datos personales, fotograf\u00edas e informaciones u otros contenidos cuya titularidad y propiedad le pertenezcan o respecto de las cuales ostente la autorizaci\u00f3n de terceros.<br><br>\u2022 FUNDACI\u00d3N PEDRO DE ALC\u00c1NTARA IGAREDA Y BALB\u00c1S tendr\u00e1 derecho a eliminar de las p\u00e1ginas oficiales \u2013de forma unilateral y sin previa comunicaci\u00f3n ni autorizaci\u00f3n del usuario\u2013 cualesquiera contenidos publicados por el Tercero cuando \u00e9ste infrinja o vulnere la legislaci\u00f3n vigente, las normas establecidas en la presente pol\u00edtica y las Normas de las Plataformas.<br><br>\u2022 Se advierte al usuario que toda la informaci\u00f3n y contenidos que publique en las mismas podr\u00e1 ser conocida por los restantes usuarios de la p\u00e1gina oficial.<br><br>Legitimaci\u00f3n del tratamiento<br>La base legal para el tratamiento de sus datos es:<br><br>\u2022 El consentimiento del interesado o bien hayan sido suministrados voluntariamente por el interesado por cualquier medio.<br><br>\u2022 El mantenimiento, desarrollo y ejecuci\u00f3n de una relaci\u00f3n contractual que se mantenga con el interesado, en el caso de: (i) prestaci\u00f3n de servicios; (ii) relaci\u00f3n laboral, mercantil, administrativo, entre otros).<br><br>\u2022 Cumplir con las obligaciones contractuales derivadas la prestaci\u00f3n de servicios que Ud. tiene actualmente suscrito con la FUNDACI\u00d3N PEDRO DE ALC\u00c1NTARA IGAREDA Y BALB\u00c1S y porque el tratamiento de sus datos constituye un inter\u00e9s leg\u00edtimo de la organizaci\u00f3n que en ning\u00fan caso implica una intromisi\u00f3n en su privacidad.<br><br>Destinatario de los datos personales<br>Los destinatarios de los datos personales recogidos por FUNDACI\u00d3N PEDRO DE ALC\u00c1NTARA IGAREDA Y BALB\u00c1S ser\u00e1n los siguientes:<br><br>\u2022 Personas que trabajan en la FUNDACI\u00d3N PEDRO DE ALC\u00c1NTARA IGAREDA Y BALB\u00c1S en el cumplimiento de sus funciones.<br><br>\u2022 Proveedores de FUNDACI\u00d3N PEDRO DE ALC\u00c1NTARA IGAREDA Y BALB\u00c1S que intervengan en la prestaci\u00f3n de los servicios, en el caso de que ello fuera necesario para la prestaci\u00f3n de los mismos.<br><br>\u2022 Servicios de alojamiento web (hosting). Se advierte al usuario de las p\u00e1ginas oficiales en redes sociales de que esta entidad s\u00f3lo es responsable y garantiza la confidencialidad, seguridad y tratamiento de los datos conforme a la presente pol\u00edtica, respecto de los datos de car\u00e1cter personal que recoja del usuario a trav\u00e9s de las mismas, no teniendo ning\u00fan tipo de responsabilidad respecto de los tratamientos y posteriores utilizaciones de los datos personales que pudieran efectuarse tanto por el titular de la red social como por terceros prestadores de servicios de la sociedad de la informaci\u00f3n que pudiesen acceder a tales datos en raz\u00f3n de la prestaci\u00f3n de sus servicios o ejercicio de su actividad, terceros que establezcan hiperenlaces a la red social, ni de aquellos responsables a quienes a trav\u00e9s de hiperenlaces FUNDACI\u00d3N PEDRO DE ALC\u00c1NTARA IGAREDA Y BALB\u00c1S remite a los usuarios adheridos a la presente p\u00e1gina oficial.<br><br>\u2022 \u00d3rganos judiciales o administrativos, as\u00ed como las Fuerzas y Cuerpos de Seguridad del Estado, en el caso que FUNDACI\u00d3N PEDRO DE ALC\u00c1NTARA IGAREDA Y BALB\u00c1S fuera requerido conforme a la legislaci\u00f3n vigente para proporcionar informaci\u00f3n relacionada con sus clientes y sus servicios.<br>Confidencialidad<br>Los datos personales recabados ser\u00e1n tratados con absoluta confidencialidad, guardando secreto respecto de los mismos y adoptando todas las medidas necesarias tendentes a evitar su alteraci\u00f3n, p\u00e9rdida y tratamiento o acceso no autorizado, de acuerdo con lo establecido en la legislaci\u00f3n vigente.<br><br>Medidas de Seguridad<br><br>La FUNDACI\u00d3N PEDRO DE ALC\u00c1NTARA IGAREDA Y BALB\u00c1S ha adoptado las medidas de \u00edndole t\u00e9cnica y organizativa necesarias para garantizar la seguridad en el tratamiento de los datos y evitar su alteraci\u00f3n, p\u00e9rdida, tratamiento o acceso no autorizado, habida cuenta del estado de la tecnolog\u00eda, la naturaleza de los datos almacenados y los riesgos a que est\u00e1n expuestos, ya provengan de la acci\u00f3n humana o del medio f\u00edsico o natural, de acuerdo con la legislaci\u00f3n vigente que resulte de aplicaci\u00f3n en materia de medidas de seguridad de los tratamientos de datos de car\u00e1cter personal.<br><br>No obstante, la transmisi\u00f3n de informaci\u00f3n a trav\u00e9s de Internet no es totalmente segura. Por ello, y a pesar de que la FUNDACI\u00d3N PEDRO DE ALC\u00c1NTARA IGAREDA Y BALB\u00c1S realizar\u00e1 todos los esfuerzos para proteger los datos, no puede garantizar la seguridad de los mismos durante el tr\u00e1nsito hasta el Sitio Web. Toda la informaci\u00f3n que se facilite se enviar\u00e1 por su cuenta y riesgo. Una vez recibidos sus datos, la FUNDACI\u00d3N PEDRO DE ALC\u00c1NTARA IGAREDA Y BALB\u00c1S utilizar\u00e1 rigurosos procedimientos y funciones de seguridad.<br><br>Derechos de los usuarios y ejercicio de los mismos<br><br>El Tercero, en su condici\u00f3n de interesado, puede ejercer los siguientes derechos:<br><br>\u2022 De acceso: derecho a obtener de FUNDACI\u00d3N PEDRO DE ALC\u00c1NTARA IGAREDA Y BALB\u00c1S informaci\u00f3n acerca de si se est\u00e1n tratando datos personales que le conciernan, a acceder a los mismos y a obtener informaci\u00f3n sobre el tratamiento realizado. Derecho a obtener una copia de sus datos personales.<br><br>\u2022 De rectificaci\u00f3n: derecho a que FUNDACI\u00d3N PEDRO DE ALC\u00c1NTARA IGAREDA Y BALB\u00c1S rectifique sus datos personales en el caso de que fueran inexactos o incompletos.<br><br>\u2022 De supresi\u00f3n: derecho a que se proceda a la supresi\u00f3n de los datos cuando estos ya no resulten necesarios para la finalidad para la que fueron proporcionados o cuando concurran el resto de las circunstancias legalmente previstas.<br><br>\u2022 De limitaci\u00f3n del tratamiento: derecho a solicitar una limitaci\u00f3n en el tratamiento de sus datos personales, de forma que no se apliquen a los mismos las operaciones de tratamiento que deban corresponder en cada caso, en aquellos supuestos previstos en el art. 18 del RGPD.<br><br>\u2022 A la portabilidad: derecho a recibir los datos personales que le incumban en un formato estructurado, siempre y cuando dichos datos incumban exclusivamente al usuario y hayan sido facilitados por \u00e9ste.<br><br>\u2022 A oponerse al tratamiento: el derecho del interesado a oponerse, en cualquier momento, por motivos relacionados con su situaci\u00f3n particular, a que datos personales que le conciernan sean objeto de un tratamiento.<br><br>\u2022 A retirar el consentimiento prestado: derecho a retirar su consentimiento para el procesamiento de sus datos personales en cualquier momento.<br><br>Podr\u00e1n ejercitar dichos derechos con el env\u00edo de una comunicaci\u00f3n o mediante el env\u00edo de una petici\u00f3n acompa\u00f1ada de su D.N.I. o documento v\u00e1lido en derecho que acredite su identidad, dirigida a FUNDACI\u00d3N PEDRO DE ALC\u00c1NTARA IGAREDA Y BALB\u00c1S en la direcci\u00f3n anteriormente indicada en el apartado Identificaci\u00f3n y datos de contacto del Responsable del Tratamiento, especificando el derecho que desean ejercer.<br><br>Procedencia de datos<br><br>La procedencia de los datos ser\u00e1 la del propio interesado o su representante legal.<br><br>FUNDACI\u00d3N PEDRO DE ALC\u00c1NTARA IGAREDA Y BALB\u00c1S advierte que, salvo la existencia de una representaci\u00f3n legalmente constituida, ning\u00fan Tercero puede utilizar la identidad de otra persona y comunicar sus datos personales, por lo que los datos que facilite a FUNDACI\u00d3N PEDRO DE ALC\u00c1NTARA IGAREDA Y BALB\u00c1S deben ser datos personales, correspondientes a su propia identidad, adecuados, pertinentes, actuales, exactos y verdaderos. En este sentido, el Tercero ser\u00e1 el \u00fanico responsable frente a cualquier da\u00f1o directo o indirecto que cause a otros o a la FUNDACI\u00d3N PEDRO DE ALC\u00c1NTARA IGAREDA Y BALB\u00c1S por el uso de datos de otra persona o de sus propios datos cuando sean falsos, err\u00f3neos, no actuales, inadecuados o no pertinentes. Igualmente, el Tercero que comunique los datos personales de otra persona ser\u00e1 responsable de haber recabado la autorizaci\u00f3n correspondiente del propio interesado, as\u00ed como de sus consecuencias en caso contrario.<br><br>Del mismo modo, el Tercero que comunique datos personales a FUNDACI\u00d3N PEDRO DE ALC\u00c1NTARA IGAREDA Y BALB\u00c1S declara ser mayor de edad de conformidad con lo dispuesto en la legislaci\u00f3n espa\u00f1ola, absteni\u00e9ndose en caso contrario de facilitar sus datos. Cualquier dato facilitado sobre un menor de edad o persona no capaz requerir\u00e1 del consentimiento o autorizaci\u00f3n previa de sus padres, tutores o representantes legales, los cuales ser\u00e1n considerados responsables de los datos facilitados por los menores a su cargo. FUNDACI\u00d3N PEDRO DE ALC\u00c1NTARA IGAREDA Y BALB\u00c1S quedar\u00e1 expresamente exonerada de cualquier responsabilidad que pudiera derivarse del uso de sus p\u00e1ginas oficiales en redes sociales por menores y personas no capaces, siendo dicha responsabilidad de sus representantes legales en cada caso.<br><br>Transferencias internacionales de datos<br><br>FUNDACI\u00d3N PEDRO DE ALC\u00c1NTARA IGAREDA Y BALB\u00c1S no precisa realizar transferencias internacionales de sus datos a pa\u00edses que no disponen de normativa equivalente a la europea (\u201cTerceros Pa\u00edses\u201d). En el caso de que FUNDACI\u00d3N PEDRO DE ALC\u00c1NTARA IGAREDA Y BALB\u00c1S precisara contratar los servicios de proveedores ubicados en Terceros Pa\u00edses para el tratamiento de sus datos, dicha contrataci\u00f3n se realizar\u00eda previo cumplimiento de todos los requisitos establecidos por la normativa de protecci\u00f3n de datos, y aplicando las garant\u00edas y salvaguardas necesarias para preservar su privacidad.<br><br>Plazo de conservaci\u00f3n de los datos personales<br><br>FUNDACI\u00d3N PEDRO DE ALC\u00c1NTARA IGAREDA Y BALB\u00c1S conservar\u00e1 los datos personales durante el tiempo estrictamente necesario para el cumplimiento de las finalidades anteriormente detalladas y mientras el interesado:<br><br>\u2022 No solicite su supresi\u00f3n o rectificaci\u00f3n.<br>\u2022 No se oponga a que sus datos sigan siendo tratados.<br>\u2022 En aquellos tratamientos que requieren su autorizaci\u00f3n, no retire su consentimiento.<br><br>Sin perjuicio de lo anterior, y adicionalmente a dichos plazos, los datos ser\u00e1n conservados debidamente bloqueados, a disposici\u00f3n exclusiva de los jueces y tribunales, el Ministerio Fiscal o las Administraciones P\u00fablicas competentes, en particular de las autoridades de protecci\u00f3n de datos, durante el per\u00edodo en el que se pudieran derivar responsabilidades de su relaci\u00f3n con el cliente para hacer frente a posibles reclamaciones que se puedan plantear por el uso que se haya hecho de ellos.<br><br>Autoridad de control<br><br>Los usuarios y\/o clientes podr\u00e1n dirigirse a la autoridad de control local que corresponda si considera que el tratamiento realizado respecto de sus datos personales no ha sido realizado conforme a la legislaci\u00f3n vigente.<br><br>La autoridad de control de protecci\u00f3n de datos en Espa\u00f1a es la Agencia Espa\u00f1ola de Protecci\u00f3n de Datos, cuyos datos de contacto se encuentran disponibles en su p\u00e1gina web.<br><br>Cambios en la pol\u00edtica de privacidad<br><br>FUNDACI\u00d3N PEDRO DE ALC\u00c1NTARA IGAREDA Y BALB\u00c1S podr\u00e1 modificar y\/o sustituir en cualquier momento la presente Pol\u00edtica que, seg\u00fan los casos, sustituir\u00e1, completar\u00e1 y\/o modificar\u00e1 la actualmente publicada aqu\u00ed recogida. Por ello el usuario deber\u00e1 acceder peri\u00f3dicamente a las mismas con el fin de mantenerse actualizado.<br>Asimismo, el usuario de p\u00e1ginas oficiales de redes sociales puede consultar las normas y pol\u00edticas publicadas por el titular de la red social para el uso de la misma<br><\/pre>\n","protected":false},"excerpt":{"rendered":"<p>La presente Pol\u00edtica (en adelante, la \u00abPol\u00edtica de Privacidad\u00bb) aplica a todos los datos de car\u00e1cter personal que el Usuario o \u201cTercero\u201d facilite a la FUNDACI\u00d3N PEDRO DE ALC\u00c1NTARA IGAREDA Y BALB\u00c1S:\u2022 A trav\u00e9s de formularios online en su p\u00e1gina web.\u2022 A trav\u00e9s de nuestra direcci\u00f3n de correo electr\u00f3nico o postal.\u2022 A trav\u00e9s de sus&hellip; <br \/> <a class=\"read-more\" href=\"http:\/\/www.fundacionigareda.com\/?page_id=2\">Leer m\u00e1s<\/a><\/p>\n","protected":false},"author":1,"featured_media":0,"parent":0,"menu_order":0,"comment_status":"closed","ping_status":"closed","template":"","meta":{"_monsterinsights_skip_tracking":false,"_monsterinsights_sitenote_active":false,"_monsterinsights_sitenote_note":"","_monsterinsights_sitenote_category":0,"footnotes":""},"class_list":["post-2","page","type-page","status-publish","hentry"],"yoast_head":"<!-- This site is optimized with the Yoast SEO plugin v27.3 - https:\/\/yoast.com\/product\/yoast-seo-wordpress\/ -->\n<title>Pol\u00edtica de Privacidad y Protecci\u00f3n de Datos. - FUNDACI\u00d3N PEDRO DE ALC\u00c1NTARA IGAREDA Y BALB\u00c1S<\/title>\n<meta name=\"robots\" content=\"index, follow, max-snippet:-1, max-image-preview:large, max-video-preview:-1\" \/>\n<link rel=\"canonical\" href=\"http:\/\/www.fundacionigareda.com\/?page_id=2\" \/>\n<meta property=\"og:locale\" content=\"es_ES\" \/>\n<meta property=\"og:type\" content=\"article\" \/>\n<meta property=\"og:title\" content=\"Pol\u00edtica de Privacidad y Protecci\u00f3n de Datos. - FUNDACI\u00d3N PEDRO DE ALC\u00c1NTARA IGAREDA Y BALB\u00c1S\" \/>\n<meta property=\"og:description\" content=\"La presente Pol\u00edtica (en adelante, la &quot;Pol\u00edtica de Privacidad&quot;) aplica a todos los datos de car\u00e1cter personal que el Usuario o \u201cTercero\u201d facilite a la FUNDACI\u00d3N PEDRO DE ALC\u00c1NTARA IGAREDA Y BALB\u00c1S:\u2022 A trav\u00e9s de formularios online en su p\u00e1gina web.\u2022 A trav\u00e9s de nuestra direcci\u00f3n de correo electr\u00f3nico o postal.\u2022 A trav\u00e9s de sus&hellip; Leer m\u00e1s\" \/>\n<meta property=\"og:url\" content=\"http:\/\/www.fundacionigareda.com\/?page_id=2\" \/>\n<meta property=\"og:site_name\" content=\"FUNDACI\u00d3N PEDRO DE ALC\u00c1NTARA IGAREDA Y BALB\u00c1S\" \/>\n<meta property=\"article:modified_time\" content=\"2024-07-05T08:38:07+00:00\" \/>\n<meta name=\"twitter:card\" content=\"summary_large_image\" \/>\n<script type=\"application\/ld+json\" class=\"yoast-schema-graph\">{\"@context\":\"https:\\\/\\\/schema.org\",\"@graph\":[{\"@type\":\"WebPage\",\"@id\":\"http:\\\/\\\/www.fundacionigareda.com\\\/?page_id=2\",\"url\":\"http:\\\/\\\/www.fundacionigareda.com\\\/?page_id=2\",\"name\":\"Pol\u00edtica de Privacidad y Protecci\u00f3n de Datos. - FUNDACI\u00d3N PEDRO DE ALC\u00c1NTARA IGAREDA Y BALB\u00c1S\",\"isPartOf\":{\"@id\":\"http:\\\/\\\/www.fundacionigareda.com\\\/#website\"},\"datePublished\":\"2022-06-09T11:28:28+00:00\",\"dateModified\":\"2024-07-05T08:38:07+00:00\",\"breadcrumb\":{\"@id\":\"http:\\\/\\\/www.fundacionigareda.com\\\/?page_id=2#breadcrumb\"},\"inLanguage\":\"es\",\"potentialAction\":[{\"@type\":\"ReadAction\",\"target\":[\"http:\\\/\\\/www.fundacionigareda.com\\\/?page_id=2\"]}]},{\"@type\":\"BreadcrumbList\",\"@id\":\"http:\\\/\\\/www.fundacionigareda.com\\\/?page_id=2#breadcrumb\",\"itemListElement\":[{\"@type\":\"ListItem\",\"position\":1,\"name\":\"Portada\",\"item\":\"http:\\\/\\\/www.fundacionigareda.com\\\/\"},{\"@type\":\"ListItem\",\"position\":2,\"name\":\"Pol\u00edtica de Privacidad y Protecci\u00f3n de Datos.\"}]},{\"@type\":\"WebSite\",\"@id\":\"http:\\\/\\\/www.fundacionigareda.com\\\/#website\",\"url\":\"http:\\\/\\\/www.fundacionigareda.com\\\/\",\"name\":\"FUNDACI\u00d3N PEDRO DE ALC\u00c1NTARA IGAREDA Y BALB\u00c1S\",\"description\":\"\",\"potentialAction\":[{\"@type\":\"SearchAction\",\"target\":{\"@type\":\"EntryPoint\",\"urlTemplate\":\"http:\\\/\\\/www.fundacionigareda.com\\\/?s={search_term_string}\"},\"query-input\":{\"@type\":\"PropertyValueSpecification\",\"valueRequired\":true,\"valueName\":\"search_term_string\"}}],\"inLanguage\":\"es\"}]}<\/script>\n<!-- \/ Yoast SEO plugin. -->","yoast_head_json":{"title":"Pol\u00edtica de Privacidad y Protecci\u00f3n de Datos. - FUNDACI\u00d3N PEDRO DE ALC\u00c1NTARA IGAREDA Y BALB\u00c1S","robots":{"index":"index","follow":"follow","max-snippet":"max-snippet:-1","max-image-preview":"max-image-preview:large","max-video-preview":"max-video-preview:-1"},"canonical":"http:\/\/www.fundacionigareda.com\/?page_id=2","og_locale":"es_ES","og_type":"article","og_title":"Pol\u00edtica de Privacidad y Protecci\u00f3n de Datos. - FUNDACI\u00d3N PEDRO DE ALC\u00c1NTARA IGAREDA Y BALB\u00c1S","og_description":"La presente Pol\u00edtica (en adelante, la \"Pol\u00edtica de Privacidad\") aplica a todos los datos de car\u00e1cter personal que el Usuario o \u201cTercero\u201d facilite a la FUNDACI\u00d3N PEDRO DE ALC\u00c1NTARA IGAREDA Y BALB\u00c1S:\u2022 A trav\u00e9s de formularios online en su p\u00e1gina web.\u2022 A trav\u00e9s de nuestra direcci\u00f3n de correo electr\u00f3nico o postal.\u2022 A trav\u00e9s de sus&hellip; Leer m\u00e1s","og_url":"http:\/\/www.fundacionigareda.com\/?page_id=2","og_site_name":"FUNDACI\u00d3N PEDRO DE ALC\u00c1NTARA IGAREDA Y BALB\u00c1S","article_modified_time":"2024-07-05T08:38:07+00:00","twitter_card":"summary_large_image","schema":{"@context":"https:\/\/schema.org","@graph":[{"@type":"WebPage","@id":"http:\/\/www.fundacionigareda.com\/?page_id=2","url":"http:\/\/www.fundacionigareda.com\/?page_id=2","name":"Pol\u00edtica de Privacidad y Protecci\u00f3n de Datos. - FUNDACI\u00d3N PEDRO DE ALC\u00c1NTARA IGAREDA Y BALB\u00c1S","isPartOf":{"@id":"http:\/\/www.fundacionigareda.com\/#website"},"datePublished":"2022-06-09T11:28:28+00:00","dateModified":"2024-07-05T08:38:07+00:00","breadcrumb":{"@id":"http:\/\/www.fundacionigareda.com\/?page_id=2#breadcrumb"},"inLanguage":"es","potentialAction":[{"@type":"ReadAction","target":["http:\/\/www.fundacionigareda.com\/?page_id=2"]}]},{"@type":"BreadcrumbList","@id":"http:\/\/www.fundacionigareda.com\/?page_id=2#breadcrumb","itemListElement":[{"@type":"ListItem","position":1,"name":"Portada","item":"http:\/\/www.fundacionigareda.com\/"},{"@type":"ListItem","position":2,"name":"Pol\u00edtica de Privacidad y Protecci\u00f3n de Datos."}]},{"@type":"WebSite","@id":"http:\/\/www.fundacionigareda.com\/#website","url":"http:\/\/www.fundacionigareda.com\/","name":"FUNDACI\u00d3N PEDRO DE ALC\u00c1NTARA IGAREDA Y BALB\u00c1S","description":"","potentialAction":[{"@type":"SearchAction","target":{"@type":"EntryPoint","urlTemplate":"http:\/\/www.fundacionigareda.com\/?s={search_term_string}"},"query-input":{"@type":"PropertyValueSpecification","valueRequired":true,"valueName":"search_term_string"}}],"inLanguage":"es"}]}},"_links":{"self":[{"href":"http:\/\/www.fundacionigareda.com\/index.php?rest_route=\/wp\/v2\/pages\/2","targetHints":{"allow":["GET"]}}],"collection":[{"href":"http:\/\/www.fundacionigareda.com\/index.php?rest_route=\/wp\/v2\/pages"}],"about":[{"href":"http:\/\/www.fundacionigareda.com\/index.php?rest_route=\/wp\/v2\/types\/page"}],"author":[{"embeddable":true,"href":"http:\/\/www.fundacionigareda.com\/index.php?rest_route=\/wp\/v2\/users\/1"}],"replies":[{"embeddable":true,"href":"http:\/\/www.fundacionigareda.com\/index.php?rest_route=%2Fwp%2Fv2%2Fcomments&post=2"}],"version-history":[{"count":4,"href":"http:\/\/www.fundacionigareda.com\/index.php?rest_route=\/wp\/v2\/pages\/2\/revisions"}],"predecessor-version":[{"id":88,"href":"http:\/\/www.fundacionigareda.com\/index.php?rest_route=\/wp\/v2\/pages\/2\/revisions\/88"}],"wp:attachment":[{"href":"http:\/\/www.fundacionigareda.com\/index.php?rest_route=%2Fwp%2Fv2%2Fmedia&parent=2"}],"curies":[{"name":"wp","href":"https:\/\/api.w.org\/{rel}","templated":true}]}}